{"id":4297,"date":"2021-04-28T08:38:18","date_gmt":"2021-04-28T08:38:18","guid":{"rendered":"http:\/\/localhost\/dev\/martfury2\/cart\/"},"modified":"2021-04-28T08:38:18","modified_gmt":"2021-04-28T08:38:18","slug":"shop-cart","status":"publish","type":"page","link":"https:\/\/tradivomarkt.com\/?page_id=4297","title":{"rendered":"Cart"},"content":{"rendered":"<div class=\"woocommerce\"><div class=\"woocommerce-notices-wrapper\">\n\t<div class=\"woocommerce-message\" role=\"alert\">\n\t\t&ldquo;Simple Plastice Chair In White Color&rdquo; sepetinize eklendi. <a href=\"https:\/\/tradivomarkt.com\/?page_id=4297\" class=\"button wc-forward\">Sepetim<\/a>\t<\/div>\n<\/div>\n<form class=\"woocommerce-cart-form\" action=\"https:\/\/tradivomarkt.com\/?page_id=4297\" method=\"post\">\n\t\n    <table class=\"shop_table shop_table_responsive cart woocommerce-cart-form__contents\" cellspacing=\"0\">\n        <thead>\n        <tr>\n            <th class=\"product-thumbnail\">&nbsp;<\/th>\n            <th class=\"product-name\">Product<\/th>\n            <th class=\"product-price\">Price<\/th>\n            <th class=\"product-quantity\">Quantity<\/th>\n            <th class=\"product-subtotal\">Total<\/th>\n            <th class=\"product-remove\">&nbsp;<\/th>\n        <\/tr>\n        <\/thead>\n        <tbody>\n\t\t\n\t\t                <tr class=\"woocommerce-cart-form__cart-item cart_item\">\n\n                    <td class=\"product-thumbnail\">\n\t\t\t\t\t\t<a href=\"https:\/\/tradivomarkt.com\/?product=simple-plastice-chair-in-white-color\"><img decoding=\"async\" width=\"150\" height=\"150\" src=\"https:\/\/tradivomarkt.com\/wp-content\/uploads\/2013\/06\/11a-150x150.jpg\" class=\"attachment-thumbnail size-thumbnail\" alt=\"Simple Plastice Chair In White Color\" \/><\/a>                    <\/td>\n\n                    <td class=\"product-name\" data-title=\"Product\">\n\t\t\t\t\t\t<a href=\"https:\/\/tradivomarkt.com\/?product=simple-plastice-chair-in-white-color\">Simple Plastice Chair In White Color<\/a>                    <\/td>\n\n                    <td class=\"product-price\" data-title=\"Price\">\n\t\t\t\t\t\t<span class=\"woocommerce-Price-amount amount\"><bdi><span class=\"woocommerce-Price-currencySymbol\">&#8378;<\/span>41,99<\/bdi><\/span>                    <\/td>\n\n                    <td class=\"product-quantity\">\n\t\t\t\t\t\t<div class=\"quantity\">\r\n\t\t<label class=\"screen-reader-text\" for=\"quantity_69e01717e84fe\">Simple Plastice Chair In White Color quantity<\/label>\r\n\t<label class=\"label\"\r\n               for=\"quantity_69e01717e84fe\">Quantity:<\/label>\r\n    <div class=\"qty-box\">\r\n        <span class=\"decrease  icon_minus-06\"><\/span>\r\n        <input\r\n\t\ttype=\"number\"\r\n\t\t            id=\"quantity_69e01717e84fe\"\r\n            class=\"input-text qty text\"\r\n            name=\"cart[b052e2e0c0ad1b2d5036bd56e27d061c][qty]\"\r\n            value=\"1\"\r\n            title=\"Qty\"\r\n                        min=\"0\"\r\n            max=\"\"\r\n                            step=\"1\"\r\n                placeholder=\"\"\r\n                inputmode=\"numeric\"\r\n                autocomplete=\"off\"\r\n            \r\n        \/>\r\n        <span class=\"increase icon_plus\"><\/span>\r\n    <\/div>\r\n\t<\/div>\r\n                        <div class=\"product-remove\">\n\t\t\t\t\t\t\t<a href=\"https:\/\/tradivomarkt.com\/?page_id=4297&#038;remove_item=b052e2e0c0ad1b2d5036bd56e27d061c&#038;_wpnonce=8fc64d7859\" class=\"mf-remove\" aria-label=\"Remove this item\" data-product_id=\"4303\" data-product_sku=\"WP9017332225\"><i class=\"icon-cross2\"><\/i><\/a>                        <\/div>\n                    <\/td>\n\n                    <td class=\"product-subtotal\" data-title=\"Total\">\n\t\t\t\t\t\t<span class=\"woocommerce-Price-amount amount\"><bdi><span class=\"woocommerce-Price-currencySymbol\">&#8378;<\/span>41,99<\/bdi><\/span>                    <\/td>\n                    <td class=\"product-remove\" >\n\t\t\t\t\t\t<a href=\"https:\/\/tradivomarkt.com\/?page_id=4297&#038;remove_item=b052e2e0c0ad1b2d5036bd56e27d061c&#038;_wpnonce=8fc64d7859\" class=\"mf-remove\" aria-label=\"Remove\" data-product_id=\"4303\" data-product_sku=\"WP9017332225\"><i class=\"icon-cross2\"><\/i><\/a>                    <\/td>\n                <\/tr>\n\t\t\t\t\n\t\t\n        <tr>\n            <td colspan=\"6\" class=\"actions\">\n\n                <a href=\"https:\/\/tradivomarkt.com\/?page_id=13\"\n                   class=\"btn-shop\"><i class=\"icon-arrow-left\"><\/i> Back To Shop                <\/a>\n\n\t\t\t\t\n                <button type=\"submit\" class=\"button btn-update \" name=\"update_cart\"\n                        value=\"Update cart\">Update cart<\/button>\n\n\t\t\t\t\n\t\t\t\t<input type=\"hidden\" id=\"woocommerce-cart-nonce\" name=\"woocommerce-cart-nonce\" value=\"8fc64d7859\" \/><input type=\"hidden\" name=\"_wp_http_referer\" value=\"\/index.php?rest_route=%2Fwp%2Fv2%2Fpages%2F4297\" \/>            <\/td>\n        <\/tr>\n\n\t\t        <\/tbody>\n    <\/table>\n\t\t        <div class=\"row\">\n            <div class=\"col-md-4 col-sm-12 col-coupon\">\n                <div class=\"coupon\">\n                    <label for=\"coupon_code\">Coupon Discount<\/label>\n                    <input type=\"text\" name=\"coupon_code\" class=\"input-text\" id=\"coupon_code\" value=\"\"\n                           placeholder=\"Coupon code\"\/>\n                    <input type=\"submit\" class=\"button\" name=\"apply_coupon\"\n                           value=\"Apply coupon\"\/>\n\t\t\t\t\t                <\/div>\n            <\/div>\n        <\/div>\n\t<\/form>\n<div class=\"cart-collaterals\">\n    <div class=\"row\">\n        <div class=\"col-md-4 col-sm-12 col-colla\">\n\n        <\/div>\n\n\t\t            <div class=\"col-md-4 col-sm-12 col-colla\">\n\t\t\t\t\n<form class=\"woocommerce-shipping-calculator\" action=\"https:\/\/tradivomarkt.com\/?page_id=4297\" method=\"post\">\n\n\t<a href=\"#\" class=\"shipping-calculator-button\" aria-expanded=\"false\" aria-controls=\"shipping-calculator-form\" role=\"button\">G\u00f6nderim bedeli hesapla<\/a>\n\t<section class=\"shipping-calculator-form\" id=\"shipping-calculator-form\" style=\"display:none;\">\n\n\t\t\t\t\t<p class=\"form-row form-row-wide\" id=\"calc_shipping_country_field\">\n\t\t\t\t<label for=\"calc_shipping_country\">\u00dclke\/b\u00f6lge<\/label>\n\t\t\t\t<select name=\"calc_shipping_country\" id=\"calc_shipping_country\" class=\"country_to_state country_select\" rel=\"calc_shipping_state\">\n\t\t\t\t\t<option value=\"default\">Bir \u00fclke\/b\u00f6lge se\u00e7in&hellip;<\/option>\n\t\t\t\t\t<option value=\"AF\">Afganistan<\/option><option value=\"AX\">\u00c5land Adalar\u0131<\/option><option value=\"DE\">Almanya<\/option><option value=\"US\">Amerika Birle\u015fik Devletleri (ABD)<\/option><option value=\"UM\">Amerika Birle\u015fik Devletleri (ABD) K\u00fc\u00e7\u00fck D\u0131\u015f Adalar\u0131<\/option><option value=\"AS\">Amerikan Samoas\u0131<\/option><option value=\"AD\">Andorra<\/option><option value=\"AO\">Angola<\/option><option value=\"AI\">Anguilla<\/option><option value=\"AQ\">Antartika<\/option><option value=\"AG\">Antigua ve Barbuda<\/option><option value=\"AR\">Arjantin<\/option><option value=\"AL\">Arnavutluk<\/option><option value=\"AW\">Aruba<\/option><option value=\"AU\">Avustralya<\/option><option value=\"AT\">Avusturya<\/option><option value=\"AZ\">Azerbaycan<\/option><option value=\"BS\">Bahamalar<\/option><option value=\"BH\">Bahreyn<\/option><option value=\"BD\">Banglade\u015f<\/option><option value=\"BB\">Barbados<\/option><option value=\"EH\">Bat\u0131 Sahra<\/option><option value=\"PW\">Belau<\/option><option value=\"BE\">Bel\u00e7ika<\/option><option value=\"BZ\">Belize<\/option><option value=\"BJ\">Benin<\/option><option value=\"BM\">Bermuda<\/option><option value=\"BY\">Beyaz Rusya<\/option><option value=\"AE\">Birle\u015fik Arap Emirlikleri<\/option><option value=\"GB\">Birle\u015fik Krall\u0131k (UK)<\/option><option value=\"BO\">Bolivya<\/option><option value=\"BQ\">Bonaire, Saint Eustatius and Saba<\/option><option value=\"BA\">Bosna Hersek<\/option><option value=\"BW\">Botsvana<\/option><option value=\"BV\">Bouvet Adas\u0131<\/option><option value=\"BR\">Brezilya<\/option><option value=\"BN\">Brunei Sultanl\u0131\u011f\u0131<\/option><option value=\"BG\">Bulgaristan<\/option><option value=\"BF\">Burkina Faso<\/option><option value=\"BI\">Burundi<\/option><option value=\"BT\">Butan<\/option><option value=\"CV\">Cape Verde<\/option><option value=\"KY\">Cayman Adalar\u0131<\/option><option value=\"GI\">Cebelitar\u0131k<\/option><option value=\"DZ\">Cezayir<\/option><option value=\"CX\">Christmas Adalar\u0131<\/option><option value=\"DJ\">Cibuti<\/option><option value=\"CC\">Cocos (Keeling) Adalar\u0131<\/option><option value=\"KM\">Comoros<\/option><option value=\"CK\">Cook Adalar\u0131<\/option><option value=\"CW\">Cura&ccedil;ao<\/option><option value=\"TD\">\u00c7at<\/option><option value=\"CZ\">\u00c7ek Cumhuriyeti<\/option><option value=\"CN\">\u00c7in<\/option><option value=\"DK\">Danimarka<\/option><option value=\"DO\">Dominik Cumhuriyeti<\/option><option value=\"DM\">Dominika<\/option><option value=\"EC\">Ekvator<\/option><option value=\"GQ\">Ekvator Ginesi<\/option><option value=\"SV\">El Salvador<\/option><option value=\"ID\">Endonezya<\/option><option value=\"ER\">Eritre<\/option><option value=\"AM\">Ermenistan<\/option><option value=\"EE\">Estonya<\/option><option value=\"SZ\">Eswatini<\/option><option value=\"ET\">Etiyopya<\/option><option value=\"FK\">Falkland Adalar\u0131<\/option><option value=\"FO\">Faroe Adalar\u0131<\/option><option value=\"MA\">Fas<\/option><option value=\"FJ\">Fiji<\/option><option value=\"CI\">Fildi\u015fi Sahilleri<\/option><option value=\"PH\">Filipinler<\/option><option value=\"PS\">Filistin<\/option><option value=\"FI\">Finlandiya<\/option><option value=\"FR\">Fransa<\/option><option value=\"GF\">Frans\u0131z Guyanas\u0131<\/option><option value=\"TF\">Frans\u0131z G\u00fcney B\u00f6lgeleri<\/option><option value=\"PF\">Frans\u0131z Poliznezyas\u0131<\/option><option value=\"GA\">Gabon<\/option><option value=\"GM\">Gambiya<\/option><option value=\"GH\">Gana<\/option><option value=\"GN\">Gine<\/option><option value=\"GW\">Gine-Bissau Cumhuriyeti<\/option><option value=\"GD\">Grenada<\/option><option value=\"GL\">Gr\u00f6nland<\/option><option value=\"GP\">Guadeloupe<\/option><option value=\"GU\">Guam<\/option><option value=\"GT\">Guatemala<\/option><option value=\"GG\">Guernsey<\/option><option value=\"GY\">Guyana<\/option><option value=\"ZA\">G\u00fcney Afrika<\/option><option value=\"GS\">G\u00fcney Georgia \/ Sandwich Adalar\u0131<\/option><option value=\"KR\">G\u00fcney Kore<\/option><option value=\"SS\">G\u00fcney Sudan<\/option><option value=\"GE\">G\u00fcrcistan<\/option><option value=\"HT\">Haiti<\/option><option value=\"HM\">Heard Adas\u0131 ve McDonald Adalar\u0131<\/option><option value=\"HR\">H\u0131rvatistan<\/option><option value=\"IN\">Hindistan<\/option><option value=\"IO\">Hint Okyanusu \u0130ngiliz B\u00f6lgesi<\/option><option value=\"NL\">Hollanda<\/option><option value=\"HN\">Honduras<\/option><option value=\"HK\">Hong Kong<\/option><option value=\"IQ\">Irak<\/option><option value=\"IR\">\u0130ran<\/option><option value=\"IE\">\u0130rlanda<\/option><option value=\"ES\">\u0130spanya<\/option><option value=\"IL\">\u0130srail<\/option><option value=\"SE\">\u0130sve\u00e7<\/option><option value=\"CH\">\u0130svi\u00e7re<\/option><option value=\"IT\">\u0130talya<\/option><option value=\"IS\">\u0130zlanda<\/option><option value=\"JM\">Jamaika<\/option><option value=\"JP\">Japonya<\/option><option value=\"JE\">Jersey<\/option><option value=\"KH\">Kambo\u00e7ya<\/option><option value=\"CM\">Kamerun<\/option><option value=\"CA\">Kanada<\/option><option value=\"ME\">Karada\u011f<\/option><option value=\"QA\">Katar<\/option><option value=\"KZ\">Kazakistan<\/option><option value=\"KE\">Kenya<\/option><option value=\"CY\">K\u0131br\u0131s<\/option><option value=\"KG\">K\u0131rg\u0131zistan<\/option><option value=\"KI\">Kiribati<\/option><option value=\"CO\">Kolombiya<\/option><option value=\"CG\">Kongo (Brazzaville)<\/option><option value=\"CD\">Kongo (Kinshasa)<\/option><option value=\"XK\">Kosova<\/option><option value=\"CR\">Kostarika<\/option><option value=\"KW\">Kuveyt<\/option><option value=\"KP\">Kuzey Kore<\/option><option value=\"MK\">Kuzey Makedonya<\/option><option value=\"MP\">Kuzey Mariana Adalar\u0131<\/option><option value=\"CU\">K\u00fcba<\/option><option value=\"LA\">Laos<\/option><option value=\"LS\">Lesoto<\/option><option value=\"LV\">Letonya<\/option><option value=\"LR\">Liberya<\/option><option value=\"LY\">Libya<\/option><option value=\"LI\">Lihten\u015ftayn<\/option><option value=\"LT\">Litvanya<\/option><option value=\"LB\">L\u00fcbnan<\/option><option value=\"LU\">L\u00fcksemburg<\/option><option value=\"MO\">Macao<\/option><option value=\"HU\">Macaristan<\/option><option value=\"MG\">Madagaskar<\/option><option value=\"MW\">Malavi<\/option><option value=\"MV\">Maldivler<\/option><option value=\"MY\">Malezya<\/option><option value=\"ML\">Mali<\/option><option value=\"MT\">Malta<\/option><option value=\"IM\">Man Adas\u0131<\/option><option value=\"MH\">Marshall Adalar\u0131<\/option><option value=\"MQ\">Martinik<\/option><option value=\"YT\">Mayotte<\/option><option value=\"MX\">Meksika<\/option><option value=\"EG\">M\u0131s\u0131r<\/option><option value=\"FM\">Mikronezya<\/option><option value=\"MN\">Mo\u011folistan<\/option><option value=\"MD\">Moldova<\/option><option value=\"MC\">Monako<\/option><option value=\"MS\">Montserat<\/option><option value=\"MR\">Moritanya<\/option><option value=\"MU\">Morityus<\/option><option value=\"MZ\">Mozambik<\/option><option value=\"MM\">Myanmar<\/option><option value=\"NA\">Namibya<\/option><option value=\"NR\">Nauru<\/option><option value=\"NP\">Nepal<\/option><option value=\"NE\">Nijer<\/option><option value=\"NG\">Nijerya<\/option><option value=\"NI\">Nikaragua<\/option><option value=\"NU\">Niue<\/option><option value=\"NF\">Norfolk Adas\u0131<\/option><option value=\"NO\">Norve\u00e7<\/option><option value=\"CF\">Orta Afrika Cumhuriyeti<\/option><option value=\"UZ\">\u00d6zbekistan<\/option><option value=\"PK\">Pakistan<\/option><option value=\"PA\">Panama<\/option><option value=\"PG\">Papua Yeni Gine<\/option><option value=\"PY\">Paraguay<\/option><option value=\"PE\">Peru<\/option><option value=\"PN\">Pitcairn Adas\u0131<\/option><option value=\"PL\">Polonya<\/option><option value=\"PT\">Portekiz<\/option><option value=\"PR\">Porto Riko<\/option><option value=\"RE\">Reunion Adas\u0131<\/option><option value=\"RO\">Romanya<\/option><option value=\"RW\">Ruanda<\/option><option value=\"RU\">Rusya Federasyonu<\/option><option value=\"BL\">Saint Barthelemy<\/option><option value=\"PM\">Saint Pierre ve Miquelon<\/option><option value=\"VC\">Saint Vincent ve Grenadinler<\/option><option value=\"WS\">Samoa<\/option><option value=\"SM\">San Marino<\/option><option value=\"SH\">Santa Helena<\/option><option value=\"KN\">Santa Kitts ve Nevis<\/option><option value=\"LC\">Santa Lu\u00e7ia<\/option><option value=\"MF\">Santa Martin (Frans\u0131z Kesimi)<\/option><option value=\"SX\">Santa Martin (Hollanda b\u00f6l\u00fcm\u00fc)<\/option><option value=\"ST\">Sao Tome and Principe<\/option><option value=\"SN\">Senegal<\/option><option value=\"SC\">Sey\u015feller<\/option><option value=\"RS\">S\u0131rbistan<\/option><option value=\"SL\">Sierra Leone<\/option><option value=\"SG\">Singapur<\/option><option value=\"SK\">Slovakya<\/option><option value=\"SI\">Slovenya<\/option><option value=\"SB\">Solomon Adalar\u0131<\/option><option value=\"SO\">Somali<\/option><option value=\"LK\">Sri Lanka<\/option><option value=\"SD\">Sudan<\/option><option value=\"SR\">Surinam<\/option><option value=\"SY\">Suriye<\/option><option value=\"SA\">Suudi Arabistan<\/option><option value=\"SJ\">Svalbard ve Jan Mayen Adalar\u0131<\/option><option value=\"CL\">\u015eili<\/option><option value=\"TJ\">Tacikistan<\/option><option value=\"TZ\">Tanzanya<\/option><option value=\"TH\">Tayland<\/option><option value=\"TW\">Tayvan<\/option><option value=\"TL\">Timor-Leste<\/option><option value=\"TG\">Togo<\/option><option value=\"TK\">Tokelau<\/option><option value=\"TO\">Tonga<\/option><option value=\"TT\">Trinidad ve Tobago<\/option><option value=\"TN\">Tunus<\/option><option value=\"TC\">Turks ve Caicos Adalar\u0131<\/option><option value=\"TV\">Tuvalu<\/option><option value=\"TR\" selected='selected'>T\u00fcrkiye<\/option><option value=\"TM\">T\u00fcrkmenistan<\/option><option value=\"UG\">Uganda<\/option><option value=\"UA\">Ukrayna<\/option><option value=\"OM\">Umman<\/option><option value=\"UY\">Uruguay<\/option><option value=\"JO\">\u00dcrd\u00fcn<\/option><option value=\"VU\">Vanuatu<\/option><option value=\"VA\">Vatikan<\/option><option value=\"VE\">Venezuela<\/option><option value=\"VN\">Vietnam<\/option><option value=\"VI\">Virjin Adalar\u0131 (ABD)<\/option><option value=\"VG\">Virjin Adalar\u0131 (Britanya)<\/option><option value=\"WF\">Wallis ve Futuna<\/option><option value=\"YE\">Yemen<\/option><option value=\"NC\">Yeni Kaledonya<\/option><option value=\"NZ\">Yeni Zelanda<\/option><option value=\"GR\">Yunanistan<\/option><option value=\"ZM\">Zambia<\/option><option value=\"ZW\">Zimbabve<\/option>\t\t\t\t<\/select>\n\t\t\t<\/p>\n\t\t\n\t\t\t\t\t<p class=\"form-row form-row-wide\" id=\"calc_shipping_state_field\">\n\t\t\t\t\t\t\t\t\t<span>\n\t\t\t\t\t\t<label for=\"calc_shipping_state\">\u015eehir<\/label>\n\t\t\t\t\t\t<select name=\"calc_shipping_state\" class=\"state_select\" id=\"calc_shipping_state\">\n\t\t\t\t\t\t\t<option value=\"\">Bir se\u00e7enek belirleyin&hellip;<\/option>\n\t\t\t\t\t\t\t<option value=\"TR01\" >Adana<\/option><option value=\"TR02\" >Ad\u0131yaman<\/option><option value=\"TR03\" >Afyon<\/option><option value=\"TR04\" >A\u011fr\u0131<\/option><option value=\"TR05\" >Amasya<\/option><option value=\"TR06\" >Ankara<\/option><option value=\"TR07\" >Antalya<\/option><option value=\"TR08\" >Artvin<\/option><option value=\"TR09\" >Ayd\u0131n<\/option><option value=\"TR10\" >Bal\u0131kesir<\/option><option value=\"TR11\" >Bilecik<\/option><option value=\"TR12\" >Bing\u00f6l<\/option><option value=\"TR13\" >Bitlis<\/option><option value=\"TR14\" >Bolu<\/option><option value=\"TR15\" >Burdur<\/option><option value=\"TR16\" >Bursa<\/option><option value=\"TR17\" >\u00c7anakkale<\/option><option value=\"TR18\" >\u00c7ank\u0131r\u0131<\/option><option value=\"TR19\" >\u00c7orum<\/option><option value=\"TR20\" >Denizli<\/option><option value=\"TR21\" >Diyarbak\u0131r<\/option><option value=\"TR22\" >Edirne<\/option><option value=\"TR23\" >Elaz\u0131\u011f<\/option><option value=\"TR24\" >Erzincan<\/option><option value=\"TR25\" >Erzurum<\/option><option value=\"TR26\" >Eski\u015fehir<\/option><option value=\"TR27\" >Gaziantep<\/option><option value=\"TR28\" >Giresun<\/option><option value=\"TR29\" >G\u00fcm\u00fc\u015fhane<\/option><option value=\"TR30\" >Hakkari<\/option><option value=\"TR31\" >Hatay<\/option><option value=\"TR32\" >Isparta<\/option><option value=\"TR33\" >Mersin<\/option><option value=\"TR34\"  selected='selected'>\u0130stanbul<\/option><option value=\"TR35\" >\u0130zmir<\/option><option value=\"TR36\" >Kars<\/option><option value=\"TR37\" >Kastamonu<\/option><option value=\"TR38\" >Kayseri<\/option><option value=\"TR39\" >K\u0131rklareli<\/option><option value=\"TR40\" >K\u0131r\u015fehir<\/option><option value=\"TR41\" >Kocaeli<\/option><option value=\"TR42\" >Konya<\/option><option value=\"TR43\" >K\u00fctahya<\/option><option value=\"TR44\" >Malatya<\/option><option value=\"TR45\" >Manisa<\/option><option value=\"TR46\" >Kahramanmara\u015f<\/option><option value=\"TR47\" >Mardin<\/option><option value=\"TR48\" >Mu\u011fla<\/option><option value=\"TR49\" >Mu\u015f<\/option><option value=\"TR50\" >Nev\u015fehir<\/option><option value=\"TR51\" >Ni\u011fde<\/option><option value=\"TR52\" >Ordu<\/option><option value=\"TR53\" >Rize<\/option><option value=\"TR54\" >Sakarya<\/option><option value=\"TR55\" >Samsun<\/option><option value=\"TR56\" >Siirt<\/option><option value=\"TR57\" >Sinop<\/option><option value=\"TR58\" >Sivas<\/option><option value=\"TR59\" >Tekirda\u011f<\/option><option value=\"TR60\" >Tokat<\/option><option value=\"TR61\" >Trabzon<\/option><option value=\"TR62\" >Tunceli<\/option><option value=\"TR63\" >\u015eanl\u0131urfa<\/option><option value=\"TR64\" >U\u015fak<\/option><option value=\"TR65\" >Van<\/option><option value=\"TR66\" >Yozgat<\/option><option value=\"TR67\" >Zonguldak<\/option><option value=\"TR68\" >Aksaray<\/option><option value=\"TR69\" >Bayburt<\/option><option value=\"TR70\" >Karaman<\/option><option value=\"TR71\" >K\u0131r\u0131kkale<\/option><option value=\"TR72\" >Batman<\/option><option value=\"TR73\" >\u015e\u0131rnak<\/option><option value=\"TR74\" >Bart\u0131n<\/option><option value=\"TR75\" >Ardahan<\/option><option value=\"TR76\" >I\u011fd\u0131r<\/option><option value=\"TR77\" >Yalova<\/option><option value=\"TR78\" >Karab\u00fck<\/option><option value=\"TR79\" >Kilis<\/option><option value=\"TR80\" >Osmaniye<\/option><option value=\"TR81\" >D\u00fczce<\/option>\t\t\t\t\t\t<\/select>\n\t\t\t\t\t<\/span>\n\t\t\t\t\t\t\t\t<\/p>\n\t\t\n\t\t\t\t\t<p class=\"form-row form-row-wide\" id=\"calc_shipping_city_field\">\n\t\t\t\t<label for=\"calc_shipping_city\">\u015eehir:<\/label>\n\t\t\t\t<input type=\"text\" class=\"input-text\" value=\"\" name=\"calc_shipping_city\" id=\"calc_shipping_city\" \/>\n\t\t\t<\/p>\n\t\t\n\t\t\t\t\t<p class=\"form-row form-row-wide\" id=\"calc_shipping_postcode_field\">\n\t\t\t\t<label for=\"calc_shipping_postcode\">Posta kodu \/ ZIP:<\/label>\n\t\t\t\t<input type=\"text\" class=\"input-text\" value=\"\" name=\"calc_shipping_postcode\" id=\"calc_shipping_postcode\" \/>\n\t\t\t<\/p>\n\t\t\n\t\t<p><button type=\"submit\" name=\"calc_shipping\" value=\"1\" class=\"button\">G\u00fcncelle<\/button><\/p>\n\t\t<input type=\"hidden\" id=\"woocommerce-shipping-calculator-nonce\" name=\"woocommerce-shipping-calculator-nonce\" value=\"8621e64ca2\" \/><input type=\"hidden\" name=\"_wp_http_referer\" value=\"\/index.php?rest_route=%2Fwp%2Fv2%2Fpages%2F4297\" \/>\t<\/section>\n<\/form>\n\n            <\/div>\n\t\t        <div class=\"col-md-4 col-sm-12 col-colla\">\n\t\t\t<div class=\"cart_totals \">\n\n\t\n\t<h2>Cart totals<\/h2>\n\n\t<table cellspacing=\"0\" class=\"shop_table shop_table_responsive\">\n\n\t\t<tr class=\"cart-subtotal\">\n\t\t\t<th>Subtotal<\/th>\n\t\t\t<td data-title=\"Subtotal\"><span class=\"woocommerce-Price-amount amount\"><bdi><span class=\"woocommerce-Price-currencySymbol\">&#8378;<\/span>41,99<\/bdi><\/span><\/td>\n\t\t<\/tr>\n\n\t\t\n\t\t\n\t\t\t\n\t\t\t<tr class=\"woocommerce-shipping-totals shipping\">\r\n\t<td colspan=\"2\" data-title=\"G\u00f6nderim\">\r\n        <h4 class=\"shipping-title\">G\u00f6nderim<\/h4>\r\n\t\t\t\t\t<ul id=\"shipping_method\" class=\"woocommerce-shipping-methods\">\r\n\t\t\t\t\t\t\t\t\t<li>\r\n\t\t\t\t\t\t<input type=\"hidden\" name=\"shipping_method[0]\" data-index=\"0\" id=\"shipping_method_0_free_shipping1\" value=\"free_shipping:1\" class=\"shipping_method\" \/><label for=\"shipping_method_0_free_shipping1\">Free shipping<\/label>\t\t\t\t\t<\/li>\r\n\t\t\t\t\t\t\t<\/ul>\r\n\t\t\t\t\t\t\t<p class=\"woocommerce-shipping-destination\">\r\n\t\t\t\t\tShipping to <strong>\u0130stanbul<\/strong>. \t\t\t\t<\/p>\r\n\t\t\t\t\t\r\n\t\t\t<\/td>\r\n<\/tr>\r\n\n\t\t\t\n\t\t\n\t\t\n\t\t\t\t\t\t\t\t\t\t\t<tr class=\"tax-rate tax-rate-vergi-1\">\n\t\t\t\t\t\t<th>Vergi<\/th>\n\t\t\t\t\t\t<td data-title=\"Vergi\"><span class=\"woocommerce-Price-amount amount\"><span class=\"woocommerce-Price-currencySymbol\">&#8378;<\/span>8,40<\/span><\/td>\n\t\t\t\t\t<\/tr>\n\t\t\t\t\t\t\t\t\t\n\t\t\n\t\t<tr class=\"order-total\">\n\t\t\t<th>Total<\/th>\n\t\t\t<td data-title=\"Total\"><strong><span class=\"woocommerce-Price-amount amount\"><bdi><span class=\"woocommerce-Price-currencySymbol\">&#8378;<\/span>50,39<\/bdi><\/span><\/strong> <\/td>\n\t\t<\/tr>\n\n\t\t\n\t<\/table>\n\n\t<div class=\"wc-proceed-to-checkout\">\n\t\t\n<a href=\"https:\/\/tradivomarkt.com\/?page_id=4298\" class=\"checkout-button button alt wc-forward\">\n\t\u00d6deme sayfas\u0131na git<\/a>\n\t<\/div>\n\n\t\n<\/div>\n        <\/div>\n    <\/div>\n\n<\/div>\n\n<\/div>\n","protected":false},"excerpt":{"rendered":"","protected":false},"author":1,"featured_media":0,"parent":0,"menu_order":0,"comment_status":"closed","ping_status":"closed","template":"","meta":{"footnotes":""},"class_list":["post-4297","page","type-page","status-publish","hentry"],"_links":{"self":[{"href":"https:\/\/tradivomarkt.com\/index.php?rest_route=\/wp\/v2\/pages\/4297","targetHints":{"allow":["GET"]}}],"collection":[{"href":"https:\/\/tradivomarkt.com\/index.php?rest_route=\/wp\/v2\/pages"}],"about":[{"href":"https:\/\/tradivomarkt.com\/index.php?rest_route=\/wp\/v2\/types\/page"}],"author":[{"embeddable":true,"href":"https:\/\/tradivomarkt.com\/index.php?rest_route=\/wp\/v2\/users\/1"}],"replies":[{"embeddable":true,"href":"https:\/\/tradivomarkt.com\/index.php?rest_route=%2Fwp%2Fv2%2Fcomments&post=4297"}],"version-history":[{"count":0,"href":"https:\/\/tradivomarkt.com\/index.php?rest_route=\/wp\/v2\/pages\/4297\/revisions"}],"wp:attachment":[{"href":"https:\/\/tradivomarkt.com\/index.php?rest_route=%2Fwp%2Fv2%2Fmedia&parent=4297"}],"curies":[{"name":"wp","href":"https:\/\/api.w.org\/{rel}","templated":true}]}}